{"id":123,"date":"2018-07-22T14:36:04","date_gmt":"2018-07-22T17:36:04","guid":{"rendered":"http:\/\/qplanta.com\/web\/?page_id=123"},"modified":"2018-07-25T11:22:15","modified_gmt":"2018-07-25T14:22:15","slug":"assistencia-tecnica","status":"publish","type":"page","link":"http:\/\/qplanta.com\/web\/assistencia-tecnica\/","title":{"rendered":"Assist\u00eancia T\u00e9cnica"},"content":{"rendered":"<p>\t\t\t\t<img decoding=\"async\" loading=\"lazy\" src=\"http:\/\/qplanta.com\/web\/wp-content\/uploads\/2018\/07\/WhatsApp-Image-2018-07-25-at-09.12.25-2.jpeg\" alt=\"WhatsApp Image 2018-07-25 at 09.12.25 (2)\" itemprop=\"image\" height=\"648\" width=\"1152\"  \/><\/p>\n<p align=\"justify\">A QPlanta Insumos Agr\u00edcolas, conta com equipe especializada para prestar a melhor assist\u00eancia t\u00e9cnica a voc\u00ea produtor nosso cliente. Com atualiza\u00e7\u00f5es constantes, participa\u00e7\u00e3o em congressos, cursos e palestras t\u00e9cnicas, a QPlanta est\u00e1 em constante evolu\u00e7\u00e3o e nossos profissionais fornecem informa\u00e7\u00f5es e recomenda\u00e7\u00f5es atualizadas com a maior efici\u00eancia.<br \/>\nA busca pela sustentabilidade na agricultura requer a\u00e7\u00f5es planejadas visando a manuten\u00e7\u00e3o das qualidades do solo, das plantas e dos insumos aplicados, obtendo como resultado maiores produtividades com lucratividade. A QPlanta Insumos Agr\u00edcolas est\u00e1 sempre em busca parcerias com institui\u00e7\u00f5es de pesquisas, profissionais e empresas para que nosso cliente obtenha os melhores resultados com sustentabilidade.<\/p>\n","protected":false},"excerpt":{"rendered":"<p><span class=\"excerpt-hellip\"> [\u2026]<\/span><\/p>\n","protected":false},"author":1,"featured_media":0,"parent":0,"menu_order":0,"comment_status":"closed","ping_status":"closed","template":"","meta":{"footnotes":""},"_links":{"self":[{"href":"http:\/\/qplanta.com\/web\/wp-json\/wp\/v2\/pages\/123"}],"collection":[{"href":"http:\/\/qplanta.com\/web\/wp-json\/wp\/v2\/pages"}],"about":[{"href":"http:\/\/qplanta.com\/web\/wp-json\/wp\/v2\/types\/page"}],"author":[{"embeddable":true,"href":"http:\/\/qplanta.com\/web\/wp-json\/wp\/v2\/users\/1"}],"replies":[{"embeddable":true,"href":"http:\/\/qplanta.com\/web\/wp-json\/wp\/v2\/comments?post=123"}],"version-history":[{"count":4,"href":"http:\/\/qplanta.com\/web\/wp-json\/wp\/v2\/pages\/123\/revisions"}],"predecessor-version":[{"id":393,"href":"http:\/\/qplanta.com\/web\/wp-json\/wp\/v2\/pages\/123\/revisions\/393"}],"wp:attachment":[{"href":"http:\/\/qplanta.com\/web\/wp-json\/wp\/v2\/media?parent=123"}],"curies":[{"name":"wp","href":"https:\/\/api.w.org\/{rel}","templated":true}]}}